{"id":1922,"date":"2026-01-17T00:58:00","date_gmt":"2026-01-17T00:58:00","guid":{"rendered":"https:\/\/devwww.mymedicwatch.com\/?page_id=1922"},"modified":"2026-04-19T23:31:12","modified_gmt":"2026-04-19T23:31:12","slug":"patents","status":"publish","type":"page","link":"https:\/\/www.mymedicwatch.com\/fr\/resources\/patents\/","title":{"rendered":"Brevets"},"content":{"rendered":"<div data-elementor-type=\"wp-page\" data-elementor-id=\"1922\" class=\"elementor elementor-1922\" data-elementor-post-type=\"page\">\n\t\t\t\t<div class=\"elementor-element elementor-element-3612c70 e-flex e-con-boxed e-con e-parent\" data-id=\"3612c70\" data-element_type=\"container\" data-e-type=\"container\" data-settings=\"{&quot;background_background&quot;:&quot;gradient&quot;}\">\n\t\t\t\t\t<div class=\"e-con-inner\">\n\t\t\t\t<div class=\"elementor-element elementor-element-8f32e6e elementor-icon-list--layout-inline elementor-align-center elementor-list-item-link-full_width elementor-invisible elementor-widget elementor-widget-icon-list\" data-id=\"8f32e6e\" data-element_type=\"widget\" data-e-type=\"widget\" data-settings=\"{&quot;_animation&quot;:&quot;fadeInUp&quot;,&quot;_animation_delay&quot;:200}\" data-widget_type=\"icon-list.default\">\n\t\t\t\t\t\t\t<ul class=\"elementor-icon-list-items elementor-inline-items\">\n\t\t\t\t\t\t\t<li class=\"elementor-icon-list-item elementor-inline-item\">\n\t\t\t\t\t\t\t\t\t\t\t<a href=\"https:\/\/www.mymedicwatch.com\/index.php\/homepage\/\">\n\n\t\t\t\t\t\t\t\t\t\t\t<span class=\"elementor-icon-list-text\">Home<\/span>\n\t\t\t\t\t\t\t\t\t\t\t<\/a>\n\t\t\t\t\t\t\t\t\t<\/li>\n\t\t\t\t\t\t\t\t<li class=\"elementor-icon-list-item elementor-inline-item\">\n\t\t\t\t\t\t\t\t\t\t\t<a href=\"https:\/\/www.mymedicwatch.com\/fr\/resources\/\">\n\n\t\t\t\t\t\t\t\t\t\t\t\t<span class=\"elementor-icon-list-icon\">\n\t\t\t\t\t\t\t<svg aria-hidden=\"true\" class=\"e-font-icon-svg e-fas-chevron-right\" viewbox=\"0 0 320 512\" xmlns=\"http:\/\/www.w3.org\/2000\/svg\"><path d=\"M285.476 272.971L91.132 467.314c-9.373 9.373-24.569 9.373-33.941 0l-22.667-22.667c-9.357-9.357-9.375-24.522-.04-33.901L188.505 256 34.484 101.255c-9.335-9.379-9.317-24.544.04-33.901l22.667-22.667c9.373-9.373 24.569-9.373 33.941 0L285.475 239.03c9.373 9.372 9.373 24.568.001 33.941z\"><\/path><\/svg>\t\t\t\t\t\t<\/span>\n\t\t\t\t\t\t\t\t\t\t<span class=\"elementor-icon-list-text\">Ressources<\/span>\n\t\t\t\t\t\t\t\t\t\t\t<\/a>\n\t\t\t\t\t\t\t\t\t<\/li>\n\t\t\t\t\t\t\t\t<li class=\"elementor-icon-list-item elementor-inline-item\">\n\t\t\t\t\t\t\t\t\t\t\t<span class=\"elementor-icon-list-icon\">\n\t\t\t\t\t\t\t<svg aria-hidden=\"true\" class=\"e-font-icon-svg e-fas-chevron-right\" viewbox=\"0 0 320 512\" xmlns=\"http:\/\/www.w3.org\/2000\/svg\"><path d=\"M285.476 272.971L91.132 467.314c-9.373 9.373-24.569 9.373-33.941 0l-22.667-22.667c-9.357-9.357-9.375-24.522-.04-33.901L188.505 256 34.484 101.255c-9.335-9.379-9.317-24.544.04-33.901l22.667-22.667c9.373-9.373 24.569-9.373 33.941 0L285.475 239.03c9.373 9.372 9.373 24.568.001 33.941z\"><\/path><\/svg>\t\t\t\t\t\t<\/span>\n\t\t\t\t\t\t\t\t\t\t<span class=\"elementor-icon-list-text\"><\/span>\n\t\t\t\t\t\t\t\t\t<\/li>\n\t\t\t\t\t\t<\/ul>\n\t\t\t\t\t\t<\/div>\n\t\t\t\t<div class=\"elementor-element elementor-element-4388aa6 elementor-widget elementor-widget-heading\" data-id=\"4388aa6\" data-element_type=\"widget\" data-e-type=\"widget\" data-widget_type=\"heading.default\">\n\t\t\t\t\t<h1 class=\"elementor-heading-title elementor-size-default\">Brevets<\/h1>\t\t\t\t<\/div>\n\t\t\t\t<div class=\"elementor-element elementor-element-1396624 elementor-widget elementor-widget-text-editor\" data-id=\"1396624\" data-element_type=\"widget\" data-e-type=\"widget\" data-widget_type=\"text-editor.default\">\n\t\t\t\t\t\t\t\t\t<p>Patented technology delivering highly accurate, personalised detection of critical medical events using everyday wearable devices.<\/p>\t\t\t\t\t\t\t\t<\/div>\n\t\t\t\t\t<\/div>\n\t\t\t\t<\/div>\n\t\t<div class=\"elementor-element elementor-element-1a78b09 e-flex e-con-boxed e-con e-parent\" data-id=\"1a78b09\" data-element_type=\"container\" data-e-type=\"container\">\n\t\t\t\t\t<div class=\"e-con-inner\">\n\t\t<div class=\"elementor-element elementor-element-f6e4bc3 e-con-full e-flex e-con e-child\" data-id=\"f6e4bc3\" data-element_type=\"container\" data-e-type=\"container\">\n\t\t\t\t<div class=\"elementor-element elementor-element-6613836 elementor-widget__width-initial elementor-widget elementor-widget-image\" data-id=\"6613836\" data-element_type=\"widget\" data-e-type=\"widget\" data-widget_type=\"image.default\">\n\t\t\t\t\t\t\t\t\t\t\t\t\t\t\t<img fetchpriority=\"high\" decoding=\"async\" width=\"664\" height=\"1024\" src=\"https:\/\/www.mymedicwatch.com\/wp-content\/uploads\/patent-s2-664x1024.jpg\" class=\"attachment-large size-large wp-image-4274\" alt=\"\" srcset=\"https:\/\/www.mymedicwatch.com\/wp-content\/uploads\/patent-s2-664x1024.jpg 664w, https:\/\/www.mymedicwatch.com\/wp-content\/uploads\/patent-s2-194x300.jpg 194w, https:\/\/www.mymedicwatch.com\/wp-content\/uploads\/patent-s2.jpg 727w\" sizes=\"(max-width: 664px) 100vw, 664px\" \/>\t\t\t\t\t\t\t\t\t\t\t\t\t\t\t<\/div>\n\t\t\t\t<\/div>\n\t\t<div class=\"elementor-element elementor-element-969d3bd e-con-full e-flex e-con e-child\" data-id=\"969d3bd\" data-element_type=\"container\" data-e-type=\"container\">\n\t\t\t\t<div class=\"elementor-element elementor-element-9d75f2f elementor-widget elementor-widget-heading\" data-id=\"9d75f2f\" data-element_type=\"widget\" data-e-type=\"widget\" data-widget_type=\"heading.default\">\n\t\t\t\t\t<h6 class=\"elementor-heading-title elementor-size-default\">OUR PATENTS<\/h6>\t\t\t\t<\/div>\n\t\t\t\t<div class=\"elementor-element elementor-element-ca4add8 elementor-invisible elementor-widget elementor-widget-heading\" data-id=\"ca4add8\" data-element_type=\"widget\" data-e-type=\"widget\" data-settings=\"{&quot;_animation&quot;:&quot;fadeInUp&quot;,&quot;_animation_delay&quot;:200}\" data-widget_type=\"heading.default\">\n\t\t\t\t\t<h2 class=\"elementor-heading-title elementor-size-default\">Patents &amp; Innovation<\/h2>\t\t\t\t<\/div>\n\t\t\t\t<div class=\"elementor-element elementor-element-df5e079 elementor-invisible elementor-widget elementor-widget-text-editor\" data-id=\"df5e079\" data-element_type=\"widget\" data-e-type=\"widget\" data-settings=\"{&quot;_animation&quot;:&quot;fadeInUp&quot;,&quot;_animation_delay&quot;:400}\" data-widget_type=\"text-editor.default\">\n\t\t\t\t\t\t\t\t\t<p data-start=\"223\" data-end=\"448\">At My Medic Watch, innovation is at the core of everything we do. <strong>Our technology is built on proprietary and patented algorithms<\/strong> designed to deliver highly accurate detection of medical events using everyday wearable devices.<\/p><p data-start=\"450\" data-end=\"753\">We provide <strong>advanced applications capable of detecting falls, seizures, and other critical health events with a high level of precision<\/strong>. By leveraging data from commercial smartwatches, our system achieves superior accuracy while minimising false alerts, a critical factor for both users and caregivers.<\/p><p data-start=\"755\" data-end=\"1014\">Our patented approach incorporates <strong>unique parameters that enable personalisation for each individual<\/strong>. This ensures that detection is tailored to the user\u2019s specific health profile, behaviour, and risk factors, improving <strong>reliability and real-world performance<\/strong>.<\/p><p data-start=\"1016\" data-end=\"1274\">Beyond detection, our platform delivers <strong>intelligent notifications<\/strong> and escalation workflows. Caregivers and monitoring services receive timely updates, enabling rapid response and continuous visibility, while providing reassurance to users and their families.<\/p><p data-start=\"1276\" data-end=\"1437\">We continue to invest in research and development to expand our intellectual property portfolio and advance the future of <strong>predictive and preventative healthcare<\/strong>.<\/p><p data-start=\"1276\" data-end=\"1437\"><strong>Three granted patents<\/strong> across Australia and the United States (AU2017338619B2, AU2019200869B2 &amp; US12367751B2; PCT: WO2018064708), with <strong>two further patents filed<\/strong> advancing AI\/ML-driven personalised monitoring and detection.<\/p>\t\t\t\t\t\t\t\t<\/div>\n\t\t\t\t<\/div>\n\t\t\t\t\t<\/div>\n\t\t\t\t<\/div>\n\t\t<div class=\"elementor-element elementor-element-156e125 e-flex e-con-boxed e-con e-parent\" data-id=\"156e125\" data-element_type=\"container\" data-e-type=\"container\" data-settings=\"{&quot;background_background&quot;:&quot;classic&quot;}\">\n\t\t\t\t\t<div class=\"e-con-inner\">\n\t\t<div class=\"elementor-element elementor-element-ecbafbd e-con-full e-flex e-con e-child\" data-id=\"ecbafbd\" data-element_type=\"container\" data-e-type=\"container\" data-settings=\"{&quot;background_background&quot;:&quot;gradient&quot;}\">\n\t\t<div class=\"elementor-element elementor-element-96e1887 e-con-full e-flex e-con e-child\" data-id=\"96e1887\" data-element_type=\"container\" data-e-type=\"container\" data-settings=\"{&quot;background_background&quot;:&quot;classic&quot;}\">\n\t\t\t\t<div class=\"elementor-element elementor-element-fa81c6d elementor-widget elementor-widget-heading\" data-id=\"fa81c6d\" data-element_type=\"widget\" data-e-type=\"widget\" data-widget_type=\"heading.default\">\n\t\t\t\t\t<h6 class=\"elementor-heading-title elementor-size-default\">Commencer<\/h6>\t\t\t\t<\/div>\n\t\t\t\t<div class=\"elementor-element elementor-element-2c3ac04 elementor-widget elementor-widget-heading\" data-id=\"2c3ac04\" data-element_type=\"widget\" data-e-type=\"widget\" data-widget_type=\"heading.default\">\n\t\t\t\t\t<h2 class=\"elementor-heading-title elementor-size-default\">Support qui bouge avec vous<\/h2>\t\t\t\t<\/div>\n\t\t\t\t<\/div>\n\t\t<div class=\"elementor-element elementor-element-8041509 e-con-full e-flex e-con e-child\" data-id=\"8041509\" data-element_type=\"container\" data-e-type=\"container\" data-settings=\"{&quot;background_background&quot;:&quot;classic&quot;}\">\n\t\t<div class=\"elementor-element elementor-element-a4f92de e-con-full e-flex elementor-invisible e-con e-child\" data-id=\"a4f92de\" data-element_type=\"container\" data-e-type=\"container\" data-settings=\"{&quot;background_background&quot;:&quot;classic&quot;,&quot;animation&quot;:&quot;fadeInUp&quot;,&quot;animation_delay&quot;:400}\">\n\t\t<div class=\"elementor-element elementor-element-7cc1496 e-con-full e-flex e-con e-child\" data-id=\"7cc1496\" data-element_type=\"container\" data-e-type=\"container\" data-settings=\"{&quot;background_background&quot;:&quot;classic&quot;}\">\n\t\t\t\t<div class=\"elementor-element elementor-element-7895913 elementor-widget elementor-widget-heading\" data-id=\"7895913\" data-element_type=\"widget\" data-e-type=\"widget\" data-widget_type=\"heading.default\">\n\t\t\t\t\t<h3 class=\"elementor-heading-title elementor-size-default\">Pour les professionnels de la sant\u00e9<\/h3>\t\t\t\t<\/div>\n\t\t<div class=\"elementor-element elementor-element-748e7ce e-con-full e-flex e-con e-child\" data-id=\"748e7ce\" data-element_type=\"container\" data-e-type=\"container\">\n\t\t<div class=\"elementor-element elementor-element-e3cc69d e-con-full e-flex e-con e-child\" data-id=\"e3cc69d\" data-element_type=\"container\" data-e-type=\"container\">\n\t\t\t\t<div class=\"elementor-element elementor-element-d595b4c elementor-hidden-mobile elementor-widget elementor-widget-text-editor\" data-id=\"d595b4c\" data-element_type=\"widget\" data-e-type=\"widget\" data-widget_type=\"text-editor.default\">\n\t\t\t\t\t\t\t\t\t<p><span style=\"font-weight: 400;\">Surveillance \u00e0 distance continue qui offre aux \u00e9quipes de soins de sant\u00e9 une visibilit\u00e9 entre les visites et permet une intervention plus rapide et proactive.<\/span><\/p>\t\t\t\t\t\t\t\t<\/div>\n\t\t\t\t<\/div>\n\t\t<div class=\"elementor-element elementor-element-7abc270 e-con-full e-flex e-con e-child\" data-id=\"7abc270\" data-element_type=\"container\" data-e-type=\"container\">\n\t\t\t\t<div class=\"elementor-element elementor-element-d16cf76 elementor-widget__width-inherit elementor-widget elementor-widget-image\" data-id=\"d16cf76\" data-element_type=\"widget\" data-e-type=\"widget\" data-widget_type=\"image.default\">\n\t\t\t\t\t\t\t\t\t\t\t\t\t\t\t<img decoding=\"async\" width=\"426\" height=\"280\" src=\"https:\/\/www.mymedicwatch.com\/wp-content\/uploads\/monitoring3-s.png\" class=\"attachment-full size-full wp-image-4470\" alt=\"\" srcset=\"https:\/\/www.mymedicwatch.com\/wp-content\/uploads\/monitoring3-s.png 426w, https:\/\/www.mymedicwatch.com\/wp-content\/uploads\/monitoring3-s-300x197.png 300w\" sizes=\"(max-width: 426px) 100vw, 426px\" \/>\t\t\t\t\t\t\t\t\t\t\t\t\t\t\t<\/div>\n\t\t\t\t<\/div>\n\t\t\t\t<\/div>\n\t\t\t\t<div class=\"elementor-element elementor-element-54e0fa0 elementor-align-justify elementor-widget elementor-widget-button\" data-id=\"54e0fa0\" data-element_type=\"widget\" data-e-type=\"widget\" data-widget_type=\"button.default\">\n\t\t\t\t\t\t\t\t\t\t<a class=\"elementor-button elementor-button-link elementor-size-sm\" href=\"\/fr\/for-providers\/\">\n\t\t\t\t\t\t<span class=\"elementor-button-content-wrapper\">\n\t\t\t\t\t\t<span class=\"elementor-button-icon\">\n\t\t\t\t<svg aria-hidden=\"true\" class=\"e-font-icon-svg e-fas-chevron-right\" viewbox=\"0 0 320 512\" xmlns=\"http:\/\/www.w3.org\/2000\/svg\"><path d=\"M285.476 272.971L91.132 467.314c-9.373 9.373-24.569 9.373-33.941 0l-22.667-22.667c-9.357-9.357-9.375-24.522-.04-33.901L188.505 256 34.484 101.255c-9.335-9.379-9.317-24.544.04-33.901l22.667-22.667c9.373-9.373 24.569-9.373 33.941 0L285.475 239.03c9.373 9.372 9.373 24.568.001 33.941z\"><\/path><\/svg>\t\t\t<\/span>\n\t\t\t\t\t\t\t\t\t<span class=\"elementor-button-text\">En savoir plus<\/span>\n\t\t\t\t\t<\/span>\n\t\t\t\t\t<\/a>\n\t\t\t\t\t\t\t\t<\/div>\n\t\t\t\t<\/div>\n\t\t<div class=\"elementor-element elementor-element-0753150 e-con-full e-flex e-con e-child\" data-id=\"0753150\" data-element_type=\"container\" data-e-type=\"container\" data-settings=\"{&quot;background_background&quot;:&quot;classic&quot;}\">\n\t\t\t\t<div class=\"elementor-element elementor-element-f0bb057 elementor-widget elementor-widget-heading\" data-id=\"f0bb057\" data-element_type=\"widget\" data-e-type=\"widget\" data-widget_type=\"heading.default\">\n\t\t\t\t\t<h3 class=\"elementor-heading-title elementor-size-default\">Pour les particuliers<\/h3>\t\t\t\t<\/div>\n\t\t<div class=\"elementor-element elementor-element-9c8c998 e-con-full e-flex e-con e-child\" data-id=\"9c8c998\" data-element_type=\"container\" data-e-type=\"container\">\n\t\t<div class=\"elementor-element elementor-element-7e99f05 e-con-full e-flex e-con e-child\" data-id=\"7e99f05\" data-element_type=\"container\" data-e-type=\"container\">\n\t\t\t\t<div class=\"elementor-element elementor-element-7a3a18c elementor-hidden-mobile elementor-widget elementor-widget-text-editor\" data-id=\"7a3a18c\" data-element_type=\"widget\" data-e-type=\"widget\" data-widget_type=\"text-editor.default\">\n\t\t\t\t\t\t\t\t\t<p>Application intelligente aliment\u00e9e par l'IA install\u00e9e sur les montres connect\u00e9es commerciales pour d\u00e9tecter des \u00e9pisodes m\u00e9dicaux tels que les chutes, les crises et les \u00e9v\u00e9nements cardiaques<\/p>\t\t\t\t\t\t\t\t<\/div>\n\t\t\t\t<\/div>\n\t\t<div class=\"elementor-element elementor-element-45365f9 e-con-full e-flex e-con e-child\" data-id=\"45365f9\" data-element_type=\"container\" data-e-type=\"container\">\n\t\t\t\t<div class=\"elementor-element elementor-element-af78c83 elementor-widget__width-inherit elementor-widget elementor-widget-image\" data-id=\"af78c83\" data-element_type=\"widget\" data-e-type=\"widget\" data-widget_type=\"image.default\">\n\t\t\t\t\t\t\t\t\t\t\t\t\t\t\t<img decoding=\"async\" width=\"1200\" height=\"725\" src=\"https:\/\/www.mymedicwatch.com\/wp-content\/uploads\/people-watch-s.png\" class=\"attachment-full size-full wp-image-4555\" alt=\"\" srcset=\"https:\/\/www.mymedicwatch.com\/wp-content\/uploads\/people-watch-s.png 1200w, https:\/\/www.mymedicwatch.com\/wp-content\/uploads\/people-watch-s-300x181.png 300w, https:\/\/www.mymedicwatch.com\/wp-content\/uploads\/people-watch-s-1024x619.png 1024w, https:\/\/www.mymedicwatch.com\/wp-content\/uploads\/people-watch-s-768x464.png 768w\" sizes=\"(max-width: 1200px) 100vw, 1200px\" \/>\t\t\t\t\t\t\t\t\t\t\t\t\t\t\t<\/div>\n\t\t\t\t<\/div>\n\t\t\t\t<\/div>\n\t\t<div class=\"elementor-element elementor-element-0c54fdb e-con-full e-flex e-con e-child\" data-id=\"0c54fdb\" data-element_type=\"container\" data-e-type=\"container\">\n\t\t<div class=\"elementor-element elementor-element-1035556 e-con-full e-flex e-con e-child\" data-id=\"1035556\" data-element_type=\"container\" data-e-type=\"container\">\n\t\t\t\t<div class=\"elementor-element elementor-element-d86fcd9 elementor-align-justify elementor-widget elementor-widget-button\" data-id=\"d86fcd9\" data-element_type=\"widget\" data-e-type=\"widget\" data-widget_type=\"button.default\">\n\t\t\t\t\t\t\t\t\t\t<a class=\"elementor-button elementor-button-link elementor-size-sm\" href=\"\/fr\/for-individuals\/\">\n\t\t\t\t\t\t<span class=\"elementor-button-content-wrapper\">\n\t\t\t\t\t\t<span class=\"elementor-button-icon\">\n\t\t\t\t<svg aria-hidden=\"true\" class=\"e-font-icon-svg e-fas-chevron-right\" viewbox=\"0 0 320 512\" xmlns=\"http:\/\/www.w3.org\/2000\/svg\"><path d=\"M285.476 272.971L91.132 467.314c-9.373 9.373-24.569 9.373-33.941 0l-22.667-22.667c-9.357-9.357-9.375-24.522-.04-33.901L188.505 256 34.484 101.255c-9.335-9.379-9.317-24.544.04-33.901l22.667-22.667c9.373-9.373 24.569-9.373 33.941 0L285.475 239.03c9.373 9.372 9.373 24.568.001 33.941z\"><\/path><\/svg>\t\t\t<\/span>\n\t\t\t\t\t\t\t\t\t<span class=\"elementor-button-text\">En savoir plus<\/span>\n\t\t\t\t\t<\/span>\n\t\t\t\t\t<\/a>\n\t\t\t\t\t\t\t\t<\/div>\n\t\t\t\t<\/div>\n\t\t\t\t<\/div>\n\t\t\t\t<\/div>\n\t\t\t\t<\/div>\n\t\t\t\t<\/div>\n\t\t\t\t<\/div>\n\t\t\t\t\t<\/div>\n\t\t\t\t<\/div>\n\t\t\t\t<\/div>","protected":false},"excerpt":{"rendered":"<p>Home Resources Patents Patented technology delivering highly accurate, personalised detection of critical medical events using everyday wearable devices. OUR PATENTS Patents &amp; Innovation At My Medic Watch, innovation is at the core of everything we do. Our technology is built on proprietary and patented algorithms designed to deliver highly accurate detection of medical events using [&hellip;]<\/p>\n","protected":false},"author":2,"featured_media":0,"parent":176,"menu_order":0,"comment_status":"closed","ping_status":"closed","template":"elementor_header_footer","meta":{"footnotes":""},"class_list":["post-1922","page","type-page","status-publish","hentry"],"_links":{"self":[{"href":"https:\/\/www.mymedicwatch.com\/fr\/wp-json\/wp\/v2\/pages\/1922","targetHints":{"allow":["GET"]}}],"collection":[{"href":"https:\/\/www.mymedicwatch.com\/fr\/wp-json\/wp\/v2\/pages"}],"about":[{"href":"https:\/\/www.mymedicwatch.com\/fr\/wp-json\/wp\/v2\/types\/page"}],"author":[{"embeddable":true,"href":"https:\/\/www.mymedicwatch.com\/fr\/wp-json\/wp\/v2\/users\/2"}],"replies":[{"embeddable":true,"href":"https:\/\/www.mymedicwatch.com\/fr\/wp-json\/wp\/v2\/comments?post=1922"}],"version-history":[{"count":35,"href":"https:\/\/www.mymedicwatch.com\/fr\/wp-json\/wp\/v2\/pages\/1922\/revisions"}],"predecessor-version":[{"id":4614,"href":"https:\/\/www.mymedicwatch.com\/fr\/wp-json\/wp\/v2\/pages\/1922\/revisions\/4614"}],"up":[{"embeddable":true,"href":"https:\/\/www.mymedicwatch.com\/fr\/wp-json\/wp\/v2\/pages\/176"}],"wp:attachment":[{"href":"https:\/\/www.mymedicwatch.com\/fr\/wp-json\/wp\/v2\/media?parent=1922"}],"curies":[{"name":"wp","href":"https:\/\/api.w.org\/{rel}","templated":true}]}}