{"id":1917,"date":"2026-01-17T00:57:09","date_gmt":"2026-01-17T00:57:09","guid":{"rendered":"https:\/\/devwww.mymedicwatch.com\/?page_id=1917"},"modified":"2026-04-15T09:47:49","modified_gmt":"2026-04-15T09:47:49","slug":"medical-trials","status":"publish","type":"page","link":"https:\/\/www.mymedicwatch.com\/fr\/resources\/medical-trials\/","title":{"rendered":"Essais m\u00e9dicaux"},"content":{"rendered":"<div data-elementor-type=\"wp-page\" data-elementor-id=\"1917\" class=\"elementor elementor-1917\" data-elementor-post-type=\"page\">\n\t\t\t\t<div class=\"elementor-element elementor-element-9219286 e-flex e-con-boxed e-con e-parent\" data-id=\"9219286\" data-element_type=\"container\" data-e-type=\"container\" data-settings=\"{&quot;background_background&quot;:&quot;gradient&quot;}\">\n\t\t\t\t\t<div class=\"e-con-inner\">\n\t\t\t\t<div class=\"elementor-element elementor-element-fff2dd0 elementor-icon-list--layout-inline elementor-align-center elementor-list-item-link-full_width elementor-invisible elementor-widget elementor-widget-icon-list\" data-id=\"fff2dd0\" data-element_type=\"widget\" data-e-type=\"widget\" data-settings=\"{&quot;_animation&quot;:&quot;fadeInUp&quot;,&quot;_animation_delay&quot;:200}\" data-widget_type=\"icon-list.default\">\n\t\t\t\t\t\t\t<ul class=\"elementor-icon-list-items elementor-inline-items\">\n\t\t\t\t\t\t\t<li class=\"elementor-icon-list-item elementor-inline-item\">\n\t\t\t\t\t\t\t\t\t\t\t<a href=\"https:\/\/www.mymedicwatch.com\/index.php\/homepage\/\">\n\n\t\t\t\t\t\t\t\t\t\t\t<span class=\"elementor-icon-list-text\">Home<\/span>\n\t\t\t\t\t\t\t\t\t\t\t<\/a>\n\t\t\t\t\t\t\t\t\t<\/li>\n\t\t\t\t\t\t\t\t<li class=\"elementor-icon-list-item elementor-inline-item\">\n\t\t\t\t\t\t\t\t\t\t\t<a href=\"https:\/\/www.mymedicwatch.com\/fr\/resources\/\">\n\n\t\t\t\t\t\t\t\t\t\t\t\t<span class=\"elementor-icon-list-icon\">\n\t\t\t\t\t\t\t<svg aria-hidden=\"true\" class=\"e-font-icon-svg e-fas-chevron-right\" viewbox=\"0 0 320 512\" xmlns=\"http:\/\/www.w3.org\/2000\/svg\"><path d=\"M285.476 272.971L91.132 467.314c-9.373 9.373-24.569 9.373-33.941 0l-22.667-22.667c-9.357-9.357-9.375-24.522-.04-33.901L188.505 256 34.484 101.255c-9.335-9.379-9.317-24.544.04-33.901l22.667-22.667c9.373-9.373 24.569-9.373 33.941 0L285.475 239.03c9.373 9.372 9.373 24.568.001 33.941z\"><\/path><\/svg>\t\t\t\t\t\t<\/span>\n\t\t\t\t\t\t\t\t\t\t<span class=\"elementor-icon-list-text\">Ressources<\/span>\n\t\t\t\t\t\t\t\t\t\t\t<\/a>\n\t\t\t\t\t\t\t\t\t<\/li>\n\t\t\t\t\t\t\t\t<li class=\"elementor-icon-list-item elementor-inline-item\">\n\t\t\t\t\t\t\t\t\t\t\t<span class=\"elementor-icon-list-icon\">\n\t\t\t\t\t\t\t<svg aria-hidden=\"true\" class=\"e-font-icon-svg e-fas-chevron-right\" viewbox=\"0 0 320 512\" xmlns=\"http:\/\/www.w3.org\/2000\/svg\"><path d=\"M285.476 272.971L91.132 467.314c-9.373 9.373-24.569 9.373-33.941 0l-22.667-22.667c-9.357-9.357-9.375-24.522-.04-33.901L188.505 256 34.484 101.255c-9.335-9.379-9.317-24.544.04-33.901l22.667-22.667c9.373-9.373 24.569-9.373 33.941 0L285.475 239.03c9.373 9.372 9.373 24.568.001 33.941z\"><\/path><\/svg>\t\t\t\t\t\t<\/span>\n\t\t\t\t\t\t\t\t\t\t<span class=\"elementor-icon-list-text\"><\/span>\n\t\t\t\t\t\t\t\t\t<\/li>\n\t\t\t\t\t\t<\/ul>\n\t\t\t\t\t\t<\/div>\n\t\t\t\t<div class=\"elementor-element elementor-element-500a007 elementor-widget elementor-widget-heading\" data-id=\"500a007\" data-element_type=\"widget\" data-e-type=\"widget\" data-widget_type=\"heading.default\">\n\t\t\t\t\t<h1 class=\"elementor-heading-title elementor-size-default\">Essais m\u00e9dicaux<\/h1>\t\t\t\t<\/div>\n\t\t\t\t<div class=\"elementor-element elementor-element-f58d54b elementor-widget elementor-widget-text-editor\" data-id=\"f58d54b\" data-element_type=\"widget\" data-e-type=\"widget\" data-widget_type=\"text-editor.default\">\n\t\t\t\t\t\t\t\t\t<p>Building technology that helps care teams stay connected to people beyond clinical settings, using everyday devices and clinically validated AI.<\/p>\t\t\t\t\t\t\t\t<\/div>\n\t\t\t\t\t<\/div>\n\t\t\t\t<\/div>\n\t\t<div class=\"elementor-element elementor-element-9e44ed3 e-flex e-con-boxed e-con e-parent\" data-id=\"9e44ed3\" data-element_type=\"container\" data-e-type=\"container\">\n\t\t\t\t\t<div class=\"e-con-inner\">\n\t\t<div class=\"elementor-element elementor-element-9c140ce e-con-full e-flex elementor-invisible e-con e-child\" data-id=\"9c140ce\" data-element_type=\"container\" data-e-type=\"container\" data-settings=\"{&quot;background_background&quot;:&quot;gradient&quot;,&quot;animation&quot;:&quot;fadeInUp&quot;,&quot;animation_delay&quot;:400}\">\n\t\t\t\t<div class=\"elementor-element elementor-element-63091ec elementor-widget elementor-widget-image\" data-id=\"63091ec\" data-element_type=\"widget\" data-e-type=\"widget\" data-widget_type=\"image.default\">\n\t\t\t\t\t\t\t\t\t\t\t\t\t\t\t<img decoding=\"async\" width=\"330\" height=\"140\" src=\"https:\/\/www.mymedicwatch.com\/wp-content\/uploads\/unsw.webp\" class=\"attachment-large size-large wp-image-3048\" alt=\"\" srcset=\"https:\/\/www.mymedicwatch.com\/wp-content\/uploads\/unsw.webp 330w, https:\/\/www.mymedicwatch.com\/wp-content\/uploads\/unsw-300x127.webp 300w\" sizes=\"(max-width: 330px) 100vw, 330px\" \/>\t\t\t\t\t\t\t\t\t\t\t\t\t\t\t<\/div>\n\t\t\t\t<\/div>\n\t\t<div class=\"elementor-element elementor-element-2ff50ba e-con-full e-flex e-con e-child\" data-id=\"2ff50ba\" data-element_type=\"container\" data-e-type=\"container\">\n\t\t\t\t<div class=\"elementor-element elementor-element-aee04fc elementor-widget elementor-widget-heading\" data-id=\"aee04fc\" data-element_type=\"widget\" data-e-type=\"widget\" data-widget_type=\"heading.default\">\n\t\t\t\t\t<h6 class=\"elementor-heading-title elementor-size-default\">OUR APPROACH<\/h6>\t\t\t\t<\/div>\n\t\t\t\t<div class=\"elementor-element elementor-element-e0e3e6c elementor-invisible elementor-widget elementor-widget-heading\" data-id=\"e0e3e6c\" data-element_type=\"widget\" data-e-type=\"widget\" data-settings=\"{&quot;_animation&quot;:&quot;fadeInUp&quot;,&quot;_animation_delay&quot;:200}\" data-widget_type=\"heading.default\">\n\t\t\t\t\t<h2 class=\"elementor-heading-title elementor-size-default\">Research with My Medic Watch<\/h2>\t\t\t\t<\/div>\n\t\t\t\t<div class=\"elementor-element elementor-element-92b323b elementor-invisible elementor-widget elementor-widget-text-editor\" data-id=\"92b323b\" data-element_type=\"widget\" data-e-type=\"widget\" data-settings=\"{&quot;_animation&quot;:&quot;fadeInUp&quot;,&quot;_animation_delay&quot;:400}\" data-widget_type=\"text-editor.default\">\n\t\t\t\t\t\t\t\t\t<p>Research trials conducted at the National Facility for Human Robot Interaction Research at the University of NSW, have shown accuracy of our patented algorithm.<\/p>\n<p>Find the publication on the following link:&nbsp;<a href=\"https:\/\/www.mymedicwatch.com\/wp-content\/uploads\/Effectiveness-of-a-Smartwatch-App-in-Detecting-Induced-Falls.pdf\" target=\"_blank\">Effectiveness of a Smartwatch App in Detecting Induced Falls: Observational Study (PDF)<\/a>. Published in JMIR Formative Research, 21.03.2022.<\/p>\n<p>Study conducted at UNSW. More information here: Validation study of My Medic Watch\u2019s fall detection algorithm that helped to build scientific credibility and user confidence.&nbsp;<a href=\"https:\/\/www.youtube.com\/watch?v=AQTHBqGvPu4\" target=\"_blank\">Watch the video<\/a>.<\/p>\n<p>We are amongst the first companies in the world to conduct medical trials in this field. Currently we are conducting two medical trials at St Vincent\u2019s and Westmead Hospitals to measure the accuracy of alerting caregivers, in the detection of falls and detection when a seizure-like movement occurs.<\/p>\n<p>Subscribe to our newsletter to get the results of our medical trials once finalised.<\/p>\t\t\t\t\t\t\t\t<\/div>\n\t\t\t\t<\/div>\n\t\t\t\t\t<\/div>\n\t\t\t\t<\/div>\n\t\t<div class=\"elementor-element elementor-element-abe9356 e-flex e-con-boxed e-con e-parent\" data-id=\"abe9356\" data-element_type=\"container\" data-e-type=\"container\" data-settings=\"{&quot;background_background&quot;:&quot;classic&quot;}\">\n\t\t\t\t\t<div class=\"e-con-inner\">\n\t\t<div class=\"elementor-element elementor-element-1fd609c e-con-full e-flex e-con e-child\" data-id=\"1fd609c\" data-element_type=\"container\" data-e-type=\"container\" data-settings=\"{&quot;background_background&quot;:&quot;gradient&quot;}\">\n\t\t<div class=\"elementor-element elementor-element-a07e462 e-con-full e-flex e-con e-child\" data-id=\"a07e462\" data-element_type=\"container\" data-e-type=\"container\" data-settings=\"{&quot;background_background&quot;:&quot;classic&quot;}\">\n\t\t\t\t<div class=\"elementor-element elementor-element-c0a1def elementor-widget elementor-widget-heading\" data-id=\"c0a1def\" data-element_type=\"widget\" data-e-type=\"widget\" data-widget_type=\"heading.default\">\n\t\t\t\t\t<h6 class=\"elementor-heading-title elementor-size-default\">Commencer<\/h6>\t\t\t\t<\/div>\n\t\t\t\t<div class=\"elementor-element elementor-element-de635f7 elementor-widget elementor-widget-heading\" data-id=\"de635f7\" data-element_type=\"widget\" data-e-type=\"widget\" data-widget_type=\"heading.default\">\n\t\t\t\t\t<h2 class=\"elementor-heading-title elementor-size-default\">Support qui bouge avec vous<\/h2>\t\t\t\t<\/div>\n\t\t\t\t<\/div>\n\t\t<div class=\"elementor-element elementor-element-bcc2294 e-con-full e-flex e-con e-child\" data-id=\"bcc2294\" data-element_type=\"container\" data-e-type=\"container\" data-settings=\"{&quot;background_background&quot;:&quot;classic&quot;}\">\n\t\t<div class=\"elementor-element elementor-element-ba35c3b e-con-full e-flex e-con e-child\" data-id=\"ba35c3b\" data-element_type=\"container\" data-e-type=\"container\" data-settings=\"{&quot;background_background&quot;:&quot;gradient&quot;}\">\n\t\t<div class=\"elementor-element elementor-element-54ca5aa e-con-full e-flex e-con e-child\" data-id=\"54ca5aa\" data-element_type=\"container\" data-e-type=\"container\">\n\t\t<div class=\"elementor-element elementor-element-707f4d3 e-con-full e-flex e-con e-child\" data-id=\"707f4d3\" data-element_type=\"container\" data-e-type=\"container\">\n\t\t\t\t<div class=\"elementor-element elementor-element-c72b0bc elementor-widget elementor-widget-heading\" data-id=\"c72b0bc\" data-element_type=\"widget\" data-e-type=\"widget\" data-widget_type=\"heading.default\">\n\t\t\t\t\t<h2 class=\"elementor-heading-title elementor-size-default\">Pour les professionnels de la sant\u00e9<\/h2>\t\t\t\t<\/div>\n\t\t\t\t<div class=\"elementor-element elementor-element-29d8893 elementor-widget elementor-widget-text-editor\" data-id=\"29d8893\" data-element_type=\"widget\" data-e-type=\"widget\" data-widget_type=\"text-editor.default\">\n\t\t\t\t\t\t\t\t\t<p><span style=\"font-weight: 400;\">Surveillance \u00e0 distance continue qui offre aux \u00e9quipes de soins de sant\u00e9 une visibilit\u00e9 entre les visites et permet une intervention plus rapide et proactive.<\/span><\/p>\t\t\t\t\t\t\t\t<\/div>\n\t\t\t\t<\/div>\n\t\t<div class=\"elementor-element elementor-element-aed15c8 e-con-full e-flex e-con e-child\" data-id=\"aed15c8\" data-element_type=\"container\" data-e-type=\"container\">\n\t\t\t\t<div class=\"elementor-element elementor-element-a8fe845 elementor-widget elementor-widget-image\" data-id=\"a8fe845\" data-element_type=\"widget\" data-e-type=\"widget\" data-widget_type=\"image.default\">\n\t\t\t\t\t\t\t\t\t\t\t\t\t\t\t<img fetchpriority=\"high\" decoding=\"async\" width=\"868\" height=\"557\" src=\"https:\/\/www.mymedicwatch.com\/wp-content\/uploads\/AdobeStock_1613051972-Large-e1770438289937.webp\" class=\"attachment-full size-full wp-image-2862\" alt=\"\" srcset=\"https:\/\/www.mymedicwatch.com\/wp-content\/uploads\/AdobeStock_1613051972-Large-e1770438289937.webp 868w, https:\/\/www.mymedicwatch.com\/wp-content\/uploads\/AdobeStock_1613051972-Large-e1770438289937-300x193.webp 300w, https:\/\/www.mymedicwatch.com\/wp-content\/uploads\/AdobeStock_1613051972-Large-e1770438289937-768x493.webp 768w\" sizes=\"(max-width: 868px) 100vw, 868px\" \/>\t\t\t\t\t\t\t\t\t\t\t\t\t\t\t<\/div>\n\t\t\t\t<\/div>\n\t\t\t\t<\/div>\n\t\t\t\t<div class=\"elementor-element elementor-element-5fd988b elementor-align-justify elementor-invisible elementor-widget elementor-widget-button\" data-id=\"5fd988b\" data-element_type=\"widget\" data-e-type=\"widget\" data-settings=\"{&quot;_animation_delay&quot;:600,&quot;_animation&quot;:&quot;fadeInUp&quot;}\" data-widget_type=\"button.default\">\n\t\t\t\t\t\t\t\t\t\t<a class=\"elementor-button elementor-button-link elementor-size-sm\" href=\"\/fr\/contact\/\">\n\t\t\t\t\t\t<span class=\"elementor-button-content-wrapper\">\n\t\t\t\t\t\t<span class=\"elementor-button-icon\">\n\t\t\t\t<svg aria-hidden=\"true\" class=\"e-font-icon-svg e-fas-chevron-right\" viewbox=\"0 0 320 512\" xmlns=\"http:\/\/www.w3.org\/2000\/svg\"><path d=\"M285.476 272.971L91.132 467.314c-9.373 9.373-24.569 9.373-33.941 0l-22.667-22.667c-9.357-9.357-9.375-24.522-.04-33.901L188.505 256 34.484 101.255c-9.335-9.379-9.317-24.544.04-33.901l22.667-22.667c9.373-9.373 24.569-9.373 33.941 0L285.475 239.03c9.373 9.372 9.373 24.568.001 33.941z\"><\/path><\/svg>\t\t\t<\/span>\n\t\t\t\t\t\t\t\t\t<span class=\"elementor-button-text\">Remplir le formulaire<\/span>\n\t\t\t\t\t<\/span>\n\t\t\t\t\t<\/a>\n\t\t\t\t\t\t\t\t<\/div>\n\t\t\t\t<\/div>\n\t\t<div class=\"elementor-element elementor-element-4ff8dd7 e-con-full e-flex e-con e-child\" data-id=\"4ff8dd7\" data-element_type=\"container\" data-e-type=\"container\" data-settings=\"{&quot;background_background&quot;:&quot;gradient&quot;}\">\n\t\t<div class=\"elementor-element elementor-element-a3ed4f6 e-con-full e-flex e-con e-child\" data-id=\"a3ed4f6\" data-element_type=\"container\" data-e-type=\"container\">\n\t\t<div class=\"elementor-element elementor-element-da09f86 e-con-full e-flex e-con e-child\" data-id=\"da09f86\" data-element_type=\"container\" data-e-type=\"container\">\n\t\t\t\t<div class=\"elementor-element elementor-element-8b22c9e elementor-widget elementor-widget-heading\" data-id=\"8b22c9e\" data-element_type=\"widget\" data-e-type=\"widget\" data-widget_type=\"heading.default\">\n\t\t\t\t\t<h2 class=\"elementor-heading-title elementor-size-default\">Pour les particuliers<\/h2>\t\t\t\t<\/div>\n\t\t\t\t<div class=\"elementor-element elementor-element-b76711c elementor-widget elementor-widget-text-editor\" data-id=\"b76711c\" data-element_type=\"widget\" data-e-type=\"widget\" data-widget_type=\"text-editor.default\">\n\t\t\t\t\t\t\t\t\t<p><span style=\"font-weight: 400;\">D\u00e9tection bas\u00e9e sur l'IA utilisant une smartwatch connect\u00e9e pour d\u00e9tecter les chutes, les crises d'\u00e9pilepsie et les \u00e9v\u00e9nements cardiaques.<\/span><\/p>\t\t\t\t\t\t\t\t<\/div>\n\t\t\t\t<\/div>\n\t\t<div class=\"elementor-element elementor-element-9a12e74 e-con-full e-flex e-con e-child\" data-id=\"9a12e74\" data-element_type=\"container\" data-e-type=\"container\">\n\t\t\t\t<div class=\"elementor-element elementor-element-13b6927 elementor-widget elementor-widget-image\" data-id=\"13b6927\" data-element_type=\"widget\" data-e-type=\"widget\" data-widget_type=\"image.default\">\n\t\t\t\t\t\t\t\t\t\t\t\t\t\t\t<img decoding=\"async\" width=\"500\" height=\"281\" src=\"https:\/\/www.mymedicwatch.com\/wp-content\/uploads\/2026\/01\/04-four.png\" class=\"attachment-full size-full wp-image-1629\" alt=\"\" srcset=\"https:\/\/www.mymedicwatch.com\/wp-content\/uploads\/2026\/01\/04-four.png 500w, https:\/\/www.mymedicwatch.com\/wp-content\/uploads\/2026\/01\/04-four-300x169.png 300w\" sizes=\"(max-width: 500px) 100vw, 500px\" \/>\t\t\t\t\t\t\t\t\t\t\t\t\t\t\t<\/div>\n\t\t\t\t<\/div>\n\t\t\t\t<\/div>\n\t\t<div class=\"elementor-element elementor-element-80de770 e-con-full e-flex e-con e-child\" data-id=\"80de770\" data-element_type=\"container\" data-e-type=\"container\">\n\t\t<div class=\"elementor-element elementor-element-9b39e7f e-con-full e-flex e-con e-child\" data-id=\"9b39e7f\" data-element_type=\"container\" data-e-type=\"container\">\n\t\t\t\t<div class=\"elementor-element elementor-element-fe9861c elementor-widget__width-initial elementor-widget elementor-widget-image\" data-id=\"fe9861c\" data-element_type=\"widget\" data-e-type=\"widget\" data-widget_type=\"image.default\">\n\t\t\t\t\t\t\t\t\t\t\t\t\t\t\t\t<a href=\"https:\/\/play.google.com\/store\/apps\/developer?id=My+Medic+Watch\" target=\"_blank\">\n\t\t\t\t\t\t\t<img loading=\"lazy\" decoding=\"async\" width=\"180\" height=\"54\" src=\"https:\/\/www.mymedicwatch.com\/wp-content\/uploads\/Play-Store-Badge.webp\" class=\"attachment-large size-large wp-image-2903\" alt=\"\" \/>\t\t\t\t\t\t\t\t<\/a>\n\t\t\t\t\t\t\t\t\t\t\t\t\t\t\t<\/div>\n\t\t\t\t<\/div>\n\t\t<div class=\"elementor-element elementor-element-4853de4 e-con-full e-flex e-con e-child\" data-id=\"4853de4\" data-element_type=\"container\" data-e-type=\"container\">\n\t\t\t\t<div class=\"elementor-element elementor-element-f3199bc elementor-widget__width-initial elementor-widget elementor-widget-image\" data-id=\"f3199bc\" data-element_type=\"widget\" data-e-type=\"widget\" data-widget_type=\"image.default\">\n\t\t\t\t\t\t\t\t\t\t\t\t\t\t\t\t<a href=\"https:\/\/apps.apple.com\/au\/developer\/my-medic-watch-pty-ltd\/id1286976534\" target=\"_blank\">\n\t\t\t\t\t\t\t<img loading=\"lazy\" decoding=\"async\" width=\"180\" height=\"53\" src=\"https:\/\/www.mymedicwatch.com\/wp-content\/uploads\/App-Store-Badge.webp\" class=\"attachment-large size-large wp-image-2904\" alt=\"\" \/>\t\t\t\t\t\t\t\t<\/a>\n\t\t\t\t\t\t\t\t\t\t\t\t\t\t\t<\/div>\n\t\t\t\t<\/div>\n\t\t\t\t<\/div>\n\t\t\t\t<\/div>\n\t\t\t\t<\/div>\n\t\t\t\t<\/div>\n\t\t\t\t\t<\/div>\n\t\t\t\t<\/div>\n\t\t\t\t<\/div>","protected":false},"excerpt":{"rendered":"<p>Home Resources Medical Trials Building technology that helps care teams stay connected to people beyond clinical settings, using everyday devices and clinically validated AI. OUR APPROACH Research with My Medic Watch Research trials conducted at the National Facility for Human Robot Interaction Research at the University of NSW, have shown accuracy of our patented algorithm. [&hellip;]<\/p>\n","protected":false},"author":2,"featured_media":0,"parent":176,"menu_order":0,"comment_status":"closed","ping_status":"closed","template":"elementor_header_footer","meta":{"footnotes":""},"class_list":["post-1917","page","type-page","status-publish","hentry"],"_links":{"self":[{"href":"https:\/\/www.mymedicwatch.com\/fr\/wp-json\/wp\/v2\/pages\/1917","targetHints":{"allow":["GET"]}}],"collection":[{"href":"https:\/\/www.mymedicwatch.com\/fr\/wp-json\/wp\/v2\/pages"}],"about":[{"href":"https:\/\/www.mymedicwatch.com\/fr\/wp-json\/wp\/v2\/types\/page"}],"author":[{"embeddable":true,"href":"https:\/\/www.mymedicwatch.com\/fr\/wp-json\/wp\/v2\/users\/2"}],"replies":[{"embeddable":true,"href":"https:\/\/www.mymedicwatch.com\/fr\/wp-json\/wp\/v2\/comments?post=1917"}],"version-history":[{"count":32,"href":"https:\/\/www.mymedicwatch.com\/fr\/wp-json\/wp\/v2\/pages\/1917\/revisions"}],"predecessor-version":[{"id":4304,"href":"https:\/\/www.mymedicwatch.com\/fr\/wp-json\/wp\/v2\/pages\/1917\/revisions\/4304"}],"up":[{"embeddable":true,"href":"https:\/\/www.mymedicwatch.com\/fr\/wp-json\/wp\/v2\/pages\/176"}],"wp:attachment":[{"href":"https:\/\/www.mymedicwatch.com\/fr\/wp-json\/wp\/v2\/media?parent=1917"}],"curies":[{"name":"wp","href":"https:\/\/api.w.org\/{rel}","templated":true}]}}