{"id":1912,"date":"2026-01-17T00:56:24","date_gmt":"2026-01-17T00:56:24","guid":{"rendered":"https:\/\/devwww.mymedicwatch.com\/?page_id=1912"},"modified":"2026-04-16T02:09:36","modified_gmt":"2026-04-16T02:09:36","slug":"research-reports","status":"publish","type":"page","link":"https:\/\/www.mymedicwatch.com\/fr\/resources\/research-reports\/","title":{"rendered":"Recherche et Rapports"},"content":{"rendered":"<div data-elementor-type=\"wp-page\" data-elementor-id=\"1912\" class=\"elementor elementor-1912\" data-elementor-post-type=\"page\">\n\t\t\t\t<div class=\"elementor-element elementor-element-b1640e3 e-flex e-con-boxed e-con e-parent\" data-id=\"b1640e3\" data-element_type=\"container\" data-e-type=\"container\" data-settings=\"{&quot;background_background&quot;:&quot;gradient&quot;}\">\n\t\t\t\t\t<div class=\"e-con-inner\">\n\t\t\t\t<div class=\"elementor-element elementor-element-1b2eb60 elementor-icon-list--layout-inline elementor-align-center elementor-list-item-link-full_width elementor-invisible elementor-widget elementor-widget-icon-list\" data-id=\"1b2eb60\" data-element_type=\"widget\" data-e-type=\"widget\" data-settings=\"{&quot;_animation&quot;:&quot;fadeInUp&quot;,&quot;_animation_delay&quot;:200}\" data-widget_type=\"icon-list.default\">\n\t\t\t\t\t\t\t<ul class=\"elementor-icon-list-items elementor-inline-items\">\n\t\t\t\t\t\t\t<li class=\"elementor-icon-list-item elementor-inline-item\">\n\t\t\t\t\t\t\t\t\t\t\t<a href=\"https:\/\/www.mymedicwatch.com\/index.php\/homepage\/\">\n\n\t\t\t\t\t\t\t\t\t\t\t<span class=\"elementor-icon-list-text\">Home<\/span>\n\t\t\t\t\t\t\t\t\t\t\t<\/a>\n\t\t\t\t\t\t\t\t\t<\/li>\n\t\t\t\t\t\t\t\t<li class=\"elementor-icon-list-item elementor-inline-item\">\n\t\t\t\t\t\t\t\t\t\t\t<a href=\"https:\/\/www.mymedicwatch.com\/fr\/resources\/\">\n\n\t\t\t\t\t\t\t\t\t\t\t\t<span class=\"elementor-icon-list-icon\">\n\t\t\t\t\t\t\t<svg aria-hidden=\"true\" class=\"e-font-icon-svg e-fas-chevron-right\" viewbox=\"0 0 320 512\" xmlns=\"http:\/\/www.w3.org\/2000\/svg\"><path d=\"M285.476 272.971L91.132 467.314c-9.373 9.373-24.569 9.373-33.941 0l-22.667-22.667c-9.357-9.357-9.375-24.522-.04-33.901L188.505 256 34.484 101.255c-9.335-9.379-9.317-24.544.04-33.901l22.667-22.667c9.373-9.373 24.569-9.373 33.941 0L285.475 239.03c9.373 9.372 9.373 24.568.001 33.941z\"><\/path><\/svg>\t\t\t\t\t\t<\/span>\n\t\t\t\t\t\t\t\t\t\t<span class=\"elementor-icon-list-text\">Ressources<\/span>\n\t\t\t\t\t\t\t\t\t\t\t<\/a>\n\t\t\t\t\t\t\t\t\t<\/li>\n\t\t\t\t\t\t\t\t<li class=\"elementor-icon-list-item elementor-inline-item\">\n\t\t\t\t\t\t\t\t\t\t\t<span class=\"elementor-icon-list-icon\">\n\t\t\t\t\t\t\t<svg aria-hidden=\"true\" class=\"e-font-icon-svg e-fas-chevron-right\" viewbox=\"0 0 320 512\" xmlns=\"http:\/\/www.w3.org\/2000\/svg\"><path d=\"M285.476 272.971L91.132 467.314c-9.373 9.373-24.569 9.373-33.941 0l-22.667-22.667c-9.357-9.357-9.375-24.522-.04-33.901L188.505 256 34.484 101.255c-9.335-9.379-9.317-24.544.04-33.901l22.667-22.667c9.373-9.373 24.569-9.373 33.941 0L285.475 239.03c9.373 9.372 9.373 24.568.001 33.941z\"><\/path><\/svg>\t\t\t\t\t\t<\/span>\n\t\t\t\t\t\t\t\t\t\t<span class=\"elementor-icon-list-text\"><\/span>\n\t\t\t\t\t\t\t\t\t<\/li>\n\t\t\t\t\t\t<\/ul>\n\t\t\t\t\t\t<\/div>\n\t\t\t\t<div class=\"elementor-element elementor-element-ee7fe4e elementor-widget elementor-widget-heading\" data-id=\"ee7fe4e\" data-element_type=\"widget\" data-e-type=\"widget\" data-widget_type=\"heading.default\">\n\t\t\t\t\t<h1 class=\"elementor-heading-title elementor-size-default\">Research and Reports<\/h1>\t\t\t\t<\/div>\n\t\t\t\t<div class=\"elementor-element elementor-element-005fbfd elementor-widget elementor-widget-text-editor\" data-id=\"005fbfd\" data-element_type=\"widget\" data-e-type=\"widget\" data-widget_type=\"text-editor.default\">\n\t\t\t\t\t\t\t\t\t<p>Building technology that helps care teams stay connected to people beyond clinical settings, using everyday devices and clinically validated AI.<\/p>\t\t\t\t\t\t\t\t<\/div>\n\t\t\t\t\t<\/div>\n\t\t\t\t<\/div>\n\t\t<div class=\"elementor-element elementor-element-a3d25f3 e-flex e-con-boxed e-con e-parent\" data-id=\"a3d25f3\" data-element_type=\"container\" data-e-type=\"container\">\n\t\t\t\t\t<div class=\"e-con-inner\">\n\t\t<div class=\"elementor-element elementor-element-7e1378b e-con-full e-flex elementor-invisible e-con e-child\" data-id=\"7e1378b\" data-element_type=\"container\" data-e-type=\"container\" data-settings=\"{&quot;background_background&quot;:&quot;gradient&quot;,&quot;animation&quot;:&quot;fadeInUp&quot;,&quot;animation_delay&quot;:400}\">\n\t\t\t\t<div class=\"elementor-element elementor-element-2d08cd4 elementor-widget elementor-widget-image\" data-id=\"2d08cd4\" data-element_type=\"widget\" data-e-type=\"widget\" data-widget_type=\"image.default\">\n\t\t\t\t\t\t\t\t\t\t\t\t\t\t\t<img decoding=\"async\" width=\"330\" height=\"140\" src=\"https:\/\/www.mymedicwatch.com\/wp-content\/uploads\/unsw.webp\" class=\"attachment-large size-large wp-image-3048\" alt=\"\" srcset=\"https:\/\/www.mymedicwatch.com\/wp-content\/uploads\/unsw.webp 330w, https:\/\/www.mymedicwatch.com\/wp-content\/uploads\/unsw-300x127.webp 300w\" sizes=\"(max-width: 330px) 100vw, 330px\" \/>\t\t\t\t\t\t\t\t\t\t\t\t\t\t\t<\/div>\n\t\t\t\t<\/div>\n\t\t<div class=\"elementor-element elementor-element-965177e e-con-full e-flex e-con e-child\" data-id=\"965177e\" data-element_type=\"container\" data-e-type=\"container\">\n\t\t\t\t<div class=\"elementor-element elementor-element-cd19f2d elementor-widget elementor-widget-heading\" data-id=\"cd19f2d\" data-element_type=\"widget\" data-e-type=\"widget\" data-widget_type=\"heading.default\">\n\t\t\t\t\t<h6 class=\"elementor-heading-title elementor-size-default\">OUR APPROACH<\/h6>\t\t\t\t<\/div>\n\t\t\t\t<div class=\"elementor-element elementor-element-0e91f3d elementor-invisible elementor-widget elementor-widget-heading\" data-id=\"0e91f3d\" data-element_type=\"widget\" data-e-type=\"widget\" data-settings=\"{&quot;_animation&quot;:&quot;fadeInUp&quot;,&quot;_animation_delay&quot;:200}\" data-widget_type=\"heading.default\">\n\t\t\t\t\t<h2 class=\"elementor-heading-title elementor-size-default\">Research with My Medic Watch<\/h2>\t\t\t\t<\/div>\n\t\t\t\t<div class=\"elementor-element elementor-element-9c45d0c elementor-invisible elementor-widget elementor-widget-text-editor\" data-id=\"9c45d0c\" data-element_type=\"widget\" data-e-type=\"widget\" data-settings=\"{&quot;_animation&quot;:&quot;fadeInUp&quot;,&quot;_animation_delay&quot;:400}\" data-widget_type=\"text-editor.default\">\n\t\t\t\t\t\t\t\t\t<p>Research trials conducted at the National Facility for Human Robot Interaction Research at the University of NSW, have shown accuracy of our patented algorithm.<\/p>\n<p>Find the publication on the following link:&nbsp;<a href=\"https:\/\/www.mymedicwatch.com\/wp-content\/uploads\/Effectiveness-of-a-Smartwatch-App-in-Detecting-Induced-Falls.pdf\" target=\"_blank\">Effectiveness of a Smartwatch App in Detecting Induced Falls: Observational Study (PDF)<\/a>. Published in JMIR Formative Research, 21.03.2022.<\/p>\n<p>Study conducted at UNSW. More information here: Validation study of My Medic Watch\u2019s fall detection algorithm that helped to build scientific credibility and user confidence.&nbsp;<a href=\"https:\/\/www.youtube.com\/watch?v=AQTHBqGvPu4\" target=\"_blank\">Watch the video<\/a>.<\/p>\n<p>We are amongst the first companies in the world to conduct medical trials in this field. Currently we are conducting two medical trials at St Vincent\u2019s and Westmead Hospitals to measure the accuracy of alerting caregivers, in the detection of falls and detection when a seizure-like movement occurs.<\/p>\n<p>Subscribe to our newsletter to get the results of our medical trials once finalised.<\/p>\t\t\t\t\t\t\t\t<\/div>\n\t\t\t\t<\/div>\n\t\t\t\t\t<\/div>\n\t\t\t\t<\/div>\n\t\t<div class=\"elementor-element elementor-element-8d9a92e e-flex e-con-boxed e-con e-parent\" data-id=\"8d9a92e\" data-element_type=\"container\" data-e-type=\"container\" data-settings=\"{&quot;background_background&quot;:&quot;classic&quot;}\">\n\t\t\t\t\t<div class=\"e-con-inner\">\n\t\t<div class=\"elementor-element elementor-element-87b488d e-con-full e-flex e-con e-child\" data-id=\"87b488d\" data-element_type=\"container\" data-e-type=\"container\" data-settings=\"{&quot;background_background&quot;:&quot;gradient&quot;}\">\n\t\t<div class=\"elementor-element elementor-element-e1bc7c1 e-con-full e-flex e-con e-child\" data-id=\"e1bc7c1\" data-element_type=\"container\" data-e-type=\"container\" data-settings=\"{&quot;background_background&quot;:&quot;classic&quot;}\">\n\t\t\t\t<div class=\"elementor-element elementor-element-9a06368 elementor-widget elementor-widget-heading\" data-id=\"9a06368\" data-element_type=\"widget\" data-e-type=\"widget\" data-widget_type=\"heading.default\">\n\t\t\t\t\t<h6 class=\"elementor-heading-title elementor-size-default\">Commencer<\/h6>\t\t\t\t<\/div>\n\t\t\t\t<div class=\"elementor-element elementor-element-36dd890 elementor-widget elementor-widget-heading\" data-id=\"36dd890\" data-element_type=\"widget\" data-e-type=\"widget\" data-widget_type=\"heading.default\">\n\t\t\t\t\t<h2 class=\"elementor-heading-title elementor-size-default\">Support qui bouge avec vous<\/h2>\t\t\t\t<\/div>\n\t\t\t\t<\/div>\n\t\t<div class=\"elementor-element elementor-element-88a1611 e-con-full e-flex e-con e-child\" data-id=\"88a1611\" data-element_type=\"container\" data-e-type=\"container\" data-settings=\"{&quot;background_background&quot;:&quot;classic&quot;}\">\n\t\t<div class=\"elementor-element elementor-element-1773161 e-con-full e-flex e-con e-child\" data-id=\"1773161\" data-element_type=\"container\" data-e-type=\"container\" data-settings=\"{&quot;background_background&quot;:&quot;gradient&quot;}\">\n\t\t<div class=\"elementor-element elementor-element-7f04ab9 e-con-full e-flex e-con e-child\" data-id=\"7f04ab9\" data-element_type=\"container\" data-e-type=\"container\">\n\t\t<div class=\"elementor-element elementor-element-923c07a e-con-full e-flex e-con e-child\" data-id=\"923c07a\" data-element_type=\"container\" data-e-type=\"container\">\n\t\t\t\t<div class=\"elementor-element elementor-element-fffff3d elementor-widget elementor-widget-heading\" data-id=\"fffff3d\" data-element_type=\"widget\" data-e-type=\"widget\" data-widget_type=\"heading.default\">\n\t\t\t\t\t<h2 class=\"elementor-heading-title elementor-size-default\">Pour les professionnels de la sant\u00e9<\/h2>\t\t\t\t<\/div>\n\t\t\t\t<div class=\"elementor-element elementor-element-4e7e3c3 elementor-widget elementor-widget-text-editor\" data-id=\"4e7e3c3\" data-element_type=\"widget\" data-e-type=\"widget\" data-widget_type=\"text-editor.default\">\n\t\t\t\t\t\t\t\t\t<p><span style=\"font-weight: 400;\">Surveillance \u00e0 distance continue qui offre aux \u00e9quipes de soins de sant\u00e9 une visibilit\u00e9 entre les visites et permet une intervention plus rapide et proactive.<\/span><\/p>\t\t\t\t\t\t\t\t<\/div>\n\t\t\t\t<\/div>\n\t\t<div class=\"elementor-element elementor-element-65a1844 e-con-full e-flex e-con e-child\" data-id=\"65a1844\" data-element_type=\"container\" data-e-type=\"container\">\n\t\t\t\t<div class=\"elementor-element elementor-element-6d017d3 elementor-widget elementor-widget-image\" data-id=\"6d017d3\" data-element_type=\"widget\" data-e-type=\"widget\" data-widget_type=\"image.default\">\n\t\t\t\t\t\t\t\t\t\t\t\t\t\t\t<img fetchpriority=\"high\" decoding=\"async\" width=\"868\" height=\"557\" src=\"https:\/\/www.mymedicwatch.com\/wp-content\/uploads\/AdobeStock_1613051972-Large-e1770438289937.webp\" class=\"attachment-full size-full wp-image-2862\" alt=\"\" srcset=\"https:\/\/www.mymedicwatch.com\/wp-content\/uploads\/AdobeStock_1613051972-Large-e1770438289937.webp 868w, https:\/\/www.mymedicwatch.com\/wp-content\/uploads\/AdobeStock_1613051972-Large-e1770438289937-300x193.webp 300w, https:\/\/www.mymedicwatch.com\/wp-content\/uploads\/AdobeStock_1613051972-Large-e1770438289937-768x493.webp 768w\" sizes=\"(max-width: 868px) 100vw, 868px\" \/>\t\t\t\t\t\t\t\t\t\t\t\t\t\t\t<\/div>\n\t\t\t\t<\/div>\n\t\t\t\t<\/div>\n\t\t\t\t<div class=\"elementor-element elementor-element-da709a2 elementor-align-justify elementor-invisible elementor-widget elementor-widget-button\" data-id=\"da709a2\" data-element_type=\"widget\" data-e-type=\"widget\" data-settings=\"{&quot;_animation_delay&quot;:600,&quot;_animation&quot;:&quot;fadeInUp&quot;}\" data-widget_type=\"button.default\">\n\t\t\t\t\t\t\t\t\t\t<a class=\"elementor-button elementor-button-link elementor-size-sm\" href=\"\/fr\/contact\/\">\n\t\t\t\t\t\t<span class=\"elementor-button-content-wrapper\">\n\t\t\t\t\t\t<span class=\"elementor-button-icon\">\n\t\t\t\t<svg aria-hidden=\"true\" class=\"e-font-icon-svg e-fas-chevron-right\" viewbox=\"0 0 320 512\" xmlns=\"http:\/\/www.w3.org\/2000\/svg\"><path d=\"M285.476 272.971L91.132 467.314c-9.373 9.373-24.569 9.373-33.941 0l-22.667-22.667c-9.357-9.357-9.375-24.522-.04-33.901L188.505 256 34.484 101.255c-9.335-9.379-9.317-24.544.04-33.901l22.667-22.667c9.373-9.373 24.569-9.373 33.941 0L285.475 239.03c9.373 9.372 9.373 24.568.001 33.941z\"><\/path><\/svg>\t\t\t<\/span>\n\t\t\t\t\t\t\t\t\t<span class=\"elementor-button-text\">Remplir le formulaire<\/span>\n\t\t\t\t\t<\/span>\n\t\t\t\t\t<\/a>\n\t\t\t\t\t\t\t\t<\/div>\n\t\t\t\t<\/div>\n\t\t<div class=\"elementor-element elementor-element-34e4888 e-con-full e-flex e-con e-child\" data-id=\"34e4888\" data-element_type=\"container\" data-e-type=\"container\" data-settings=\"{&quot;background_background&quot;:&quot;gradient&quot;}\">\n\t\t<div class=\"elementor-element elementor-element-5a941e0 e-con-full e-flex e-con e-child\" data-id=\"5a941e0\" data-element_type=\"container\" data-e-type=\"container\">\n\t\t<div class=\"elementor-element elementor-element-d3fa215 e-con-full e-flex e-con e-child\" data-id=\"d3fa215\" data-element_type=\"container\" data-e-type=\"container\">\n\t\t\t\t<div class=\"elementor-element elementor-element-49fe0d1 elementor-widget elementor-widget-heading\" data-id=\"49fe0d1\" data-element_type=\"widget\" data-e-type=\"widget\" data-widget_type=\"heading.default\">\n\t\t\t\t\t<h2 class=\"elementor-heading-title elementor-size-default\">Pour les particuliers<\/h2>\t\t\t\t<\/div>\n\t\t\t\t<div class=\"elementor-element elementor-element-c024d04 elementor-widget elementor-widget-text-editor\" data-id=\"c024d04\" data-element_type=\"widget\" data-e-type=\"widget\" data-widget_type=\"text-editor.default\">\n\t\t\t\t\t\t\t\t\t<p><span style=\"font-weight: 400;\">D\u00e9tection bas\u00e9e sur l'IA utilisant une smartwatch connect\u00e9e pour d\u00e9tecter les chutes, les crises d'\u00e9pilepsie et les \u00e9v\u00e9nements cardiaques.<\/span><\/p>\t\t\t\t\t\t\t\t<\/div>\n\t\t\t\t<\/div>\n\t\t<div class=\"elementor-element elementor-element-cf30d24 e-con-full e-flex e-con e-child\" data-id=\"cf30d24\" data-element_type=\"container\" data-e-type=\"container\">\n\t\t\t\t<div class=\"elementor-element elementor-element-d8622f7 elementor-widget elementor-widget-image\" data-id=\"d8622f7\" data-element_type=\"widget\" data-e-type=\"widget\" data-widget_type=\"image.default\">\n\t\t\t\t\t\t\t\t\t\t\t\t\t\t\t<img decoding=\"async\" width=\"500\" height=\"281\" src=\"https:\/\/www.mymedicwatch.com\/wp-content\/uploads\/2026\/01\/04-four.png\" class=\"attachment-full size-full wp-image-1629\" alt=\"\" srcset=\"https:\/\/www.mymedicwatch.com\/wp-content\/uploads\/2026\/01\/04-four.png 500w, https:\/\/www.mymedicwatch.com\/wp-content\/uploads\/2026\/01\/04-four-300x169.png 300w\" sizes=\"(max-width: 500px) 100vw, 500px\" \/>\t\t\t\t\t\t\t\t\t\t\t\t\t\t\t<\/div>\n\t\t\t\t<\/div>\n\t\t\t\t<\/div>\n\t\t<div class=\"elementor-element elementor-element-5f36ed3 e-con-full e-flex e-con e-child\" data-id=\"5f36ed3\" data-element_type=\"container\" data-e-type=\"container\">\n\t\t<div class=\"elementor-element elementor-element-e8113db e-con-full e-flex e-con e-child\" data-id=\"e8113db\" data-element_type=\"container\" data-e-type=\"container\">\n\t\t\t\t<div class=\"elementor-element elementor-element-c5a4e9e elementor-widget__width-initial elementor-widget elementor-widget-image\" data-id=\"c5a4e9e\" data-element_type=\"widget\" data-e-type=\"widget\" data-widget_type=\"image.default\">\n\t\t\t\t\t\t\t\t\t\t\t\t\t\t\t\t<a href=\"https:\/\/play.google.com\/store\/apps\/developer?id=My+Medic+Watch\" target=\"_blank\">\n\t\t\t\t\t\t\t<img loading=\"lazy\" decoding=\"async\" width=\"180\" height=\"54\" src=\"https:\/\/www.mymedicwatch.com\/wp-content\/uploads\/Play-Store-Badge.webp\" class=\"attachment-large size-large wp-image-2903\" alt=\"\" \/>\t\t\t\t\t\t\t\t<\/a>\n\t\t\t\t\t\t\t\t\t\t\t\t\t\t\t<\/div>\n\t\t\t\t<\/div>\n\t\t<div class=\"elementor-element elementor-element-b1efae5 e-con-full e-flex e-con e-child\" data-id=\"b1efae5\" data-element_type=\"container\" data-e-type=\"container\">\n\t\t\t\t<div class=\"elementor-element elementor-element-74f3992 elementor-widget__width-initial elementor-widget elementor-widget-image\" data-id=\"74f3992\" data-element_type=\"widget\" data-e-type=\"widget\" data-widget_type=\"image.default\">\n\t\t\t\t\t\t\t\t\t\t\t\t\t\t\t\t<a href=\"https:\/\/apps.apple.com\/au\/developer\/my-medic-watch-pty-ltd\/id1286976534\" target=\"_blank\">\n\t\t\t\t\t\t\t<img loading=\"lazy\" decoding=\"async\" width=\"180\" height=\"53\" src=\"https:\/\/www.mymedicwatch.com\/wp-content\/uploads\/App-Store-Badge.webp\" class=\"attachment-large size-large wp-image-2904\" alt=\"\" \/>\t\t\t\t\t\t\t\t<\/a>\n\t\t\t\t\t\t\t\t\t\t\t\t\t\t\t<\/div>\n\t\t\t\t<\/div>\n\t\t\t\t<\/div>\n\t\t\t\t<\/div>\n\t\t\t\t<\/div>\n\t\t\t\t<\/div>\n\t\t\t\t\t<\/div>\n\t\t\t\t<\/div>\n\t\t\t\t<\/div>","protected":false},"excerpt":{"rendered":"<p>Home Resources Research and Reports Building technology that helps care teams stay connected to people beyond clinical settings, using everyday devices and clinically validated AI. OUR APPROACH Research with My Medic Watch Research trials conducted at the National Facility for Human Robot Interaction Research at the University of NSW, have shown accuracy of our patented [&hellip;]<\/p>\n","protected":false},"author":2,"featured_media":0,"parent":176,"menu_order":0,"comment_status":"closed","ping_status":"closed","template":"elementor_header_footer","meta":{"footnotes":""},"class_list":["post-1912","page","type-page","status-publish","hentry"],"_links":{"self":[{"href":"https:\/\/www.mymedicwatch.com\/fr\/wp-json\/wp\/v2\/pages\/1912","targetHints":{"allow":["GET"]}}],"collection":[{"href":"https:\/\/www.mymedicwatch.com\/fr\/wp-json\/wp\/v2\/pages"}],"about":[{"href":"https:\/\/www.mymedicwatch.com\/fr\/wp-json\/wp\/v2\/types\/page"}],"author":[{"embeddable":true,"href":"https:\/\/www.mymedicwatch.com\/fr\/wp-json\/wp\/v2\/users\/2"}],"replies":[{"embeddable":true,"href":"https:\/\/www.mymedicwatch.com\/fr\/wp-json\/wp\/v2\/comments?post=1912"}],"version-history":[{"count":7,"href":"https:\/\/www.mymedicwatch.com\/fr\/wp-json\/wp\/v2\/pages\/1912\/revisions"}],"predecessor-version":[{"id":4303,"href":"https:\/\/www.mymedicwatch.com\/fr\/wp-json\/wp\/v2\/pages\/1912\/revisions\/4303"}],"up":[{"embeddable":true,"href":"https:\/\/www.mymedicwatch.com\/fr\/wp-json\/wp\/v2\/pages\/176"}],"wp:attachment":[{"href":"https:\/\/www.mymedicwatch.com\/fr\/wp-json\/wp\/v2\/media?parent=1912"}],"curies":[{"name":"wp","href":"https:\/\/api.w.org\/{rel}","templated":true}]}}